{"id":9,"date":"2017-01-03T09:58:31","date_gmt":"2017-01-03T09:58:31","guid":{"rendered":"http:\/\/eleonorbroman.se\/?page_id=9"},"modified":"2017-01-03T09:58:31","modified_gmt":"2017-01-03T09:58:31","slug":"about-2","status":"publish","type":"page","link":"https:\/\/www.eleonorhendar.se\/index.php\/about-2\/","title":{"rendered":"ABOUT"},"content":{"rendered":"<h6>EXPERIENCE<\/h6>\n<p>Web content editor and reporter, ETC G\u00f6teborg, June 2017 &#8211; today<\/p>\n<p>Reporter, Bohusl\u00e4ningen, January &#8211; June 2017<\/p>\n<p>Reporter and photographer, Gatutidningen Faktum, February \u2013 June 2016<\/p>\n<p>Reporter, G\u00f6teborgs-Posten, January \u2013 February 2015<\/p>\n<p>In-house photographer, The Warehouse in Kuala Lumpur, June \u2013 August 2011<\/p>\n<p>Gallery assistant, TCG Nordica in Kunming, August 2010 \u2013 May 2011<\/p>\n<h6>EDUCATION<\/h6>\n<p>Master in journalism studies, University of Gothenburg 2016 \u2013 2017<\/p>\n<p>Bachelor in journalism studies, University of Gothenburg 2014 \u2013 2016<\/p>\n<p>Social anthropology, University of Gothenburg 2013 \u2013 2014<\/p>\n<p>Peace and development studies, Linneaus University 2012 \u2013 2013<\/p>\n<p>Digital photography, Art College 2011 \u2013 2012<\/p>\n<p>Chinese cultural studies in Kunming, Hyllie Park Folkh\u00f6gskola 2010 \u2013 2011<\/p>\n<h6>LANGUAGE<\/h6>\n<p>Swedish<\/p>\n<p>English<\/p>\n<p>Chinese<\/p>\n<p>Spanish<\/p>\n<h6>EXHIBITIONS<\/h6>\n<p>Rum\u00e4nska romer med svenska \u00f6gon \u2013 Rydals Museum, Gnosj\u00f6 bibliotek, Kulturhuset in M\u00f6lnlycke, Vuxenskolan i Bor\u00e5s, 2015<\/p>\n<p>Gheorgheni \u2013 Fr\u00f6lunda Kulturhus, Gothenburg, May 2012<\/p>\n<p>Selected photographs \u2013 The Warehouse, Kuala Lumpur, August 2011<\/p>\n<p>Nomad \u2013 TCG Nordica, Kunming, May 2011<\/p>\n<h6>TECHNICAL SKILLS<\/h6>\n<p>Photoshop, InDesign, Act, Newspilot, Avid, Digas<\/p>\n<p>&nbsp;<\/p>\n<h6>Photo: Jens Hendar<\/h6>\n","protected":false},"excerpt":{"rendered":"<p>EXPERIENCE Web content editor and reporter, ETC G\u00f6teborg, June 2017 &#8211; today Reporter, Bohusl\u00e4ningen, January &#8211; June 2017 Reporter and photographer, Gatutidningen Faktum, February \u2013 June 2016 Reporter, G\u00f6teborgs-Posten, January \u2013 February 2015 In-house photographer, The Warehouse in Kuala Lumpur, June \u2013 August 2011 Gallery assistant, TCG Nordica in Kunming, August 2010 \u2013 May 2011 [&hellip;]<\/p>\n","protected":false},"author":2,"featured_media":358,"parent":0,"menu_order":0,"comment_status":"closed","ping_status":"closed","template":"","meta":{"footnotes":""},"class_list":["post-9","page","type-page","status-publish","has-post-thumbnail","hentry"],"_links":{"self":[{"href":"https:\/\/www.eleonorhendar.se\/index.php\/wp-json\/wp\/v2\/pages\/9","targetHints":{"allow":["GET"]}}],"collection":[{"href":"https:\/\/www.eleonorhendar.se\/index.php\/wp-json\/wp\/v2\/pages"}],"about":[{"href":"https:\/\/www.eleonorhendar.se\/index.php\/wp-json\/wp\/v2\/types\/page"}],"author":[{"embeddable":true,"href":"https:\/\/www.eleonorhendar.se\/index.php\/wp-json\/wp\/v2\/users\/2"}],"replies":[{"embeddable":true,"href":"https:\/\/www.eleonorhendar.se\/index.php\/wp-json\/wp\/v2\/comments?post=9"}],"version-history":[{"count":0,"href":"https:\/\/www.eleonorhendar.se\/index.php\/wp-json\/wp\/v2\/pages\/9\/revisions"}],"wp:featuredmedia":[{"embeddable":true,"href":"https:\/\/www.eleonorhendar.se\/index.php\/wp-json\/wp\/v2\/media\/358"}],"wp:attachment":[{"href":"https:\/\/www.eleonorhendar.se\/index.php\/wp-json\/wp\/v2\/media?parent=9"}],"curies":[{"name":"wp","href":"https:\/\/api.w.org\/{rel}","templated":true}]}}