{"id":116,"date":"2017-01-24T14:03:21","date_gmt":"2017-01-24T14:03:21","guid":{"rendered":"http:\/\/eleonorbroman.se\/?page_id=116"},"modified":"2023-09-04T10:54:54","modified_gmt":"2023-09-04T10:54:54","slug":"print","status":"publish","type":"page","link":"https:\/\/www.eleonorhendar.se\/index.php\/print\/","title":{"rendered":"STORIES"},"content":{"rendered":"\n<div class=\"alignnormal\"><div id=\"metaslider-id-387\" style=\"width: 100%;\" class=\"ml-slider-3-37-0 metaslider metaslider-flex metaslider-387 ml-slider ms-theme-default\" role=\"region\" aria-roledescription=\"Slideshow\" aria-label=\"New Slideshow\">\n    <div id=\"metaslider_container_387\">\n        <div id=\"metaslider_387\">\n            <ul aria-live=\"polite\" class=\"slides\">\n                <li style=\"display: block; width: 100%;\" class=\"slide-388 ms-image\" aria-roledescription=\"slide\" aria-label=\"slide-388\"><img loading=\"lazy\" decoding=\"async\" src=\"https:\/\/www.eleonorhendar.se\/wp-content\/uploads\/2017\/01\/AlexandraP-1-scaled-700x300.jpg\" height=\"300\" width=\"700\" alt=\"\" class=\"slider-387 slide-388\" title=\"AlexandraP-1\" \/><\/li>\n                <li style=\"display: none; width: 100%;\" class=\"slide-389 ms-image\" aria-roledescription=\"slide\" aria-label=\"slide-389\"><img loading=\"lazy\" decoding=\"async\" src=\"https:\/\/www.eleonorhendar.se\/wp-content\/uploads\/2017\/01\/AlexandraP-2-scaled-700x300.jpg\" height=\"300\" width=\"700\" alt=\"\" class=\"slider-387 slide-389\" title=\"AlexandraP-2\" \/><\/li>\n                <li style=\"display: none; width: 100%;\" class=\"slide-390 ms-image\" aria-roledescription=\"slide\" aria-label=\"slide-390\"><img loading=\"lazy\" decoding=\"async\" src=\"https:\/\/www.eleonorhendar.se\/wp-content\/uploads\/2017\/01\/AlexandraP-3-scaled-700x300.jpg\" height=\"300\" width=\"700\" alt=\"\" class=\"slider-387 slide-390\" title=\"AlexandraP-3\" \/><\/li>\n                <li style=\"display: none; width: 100%;\" class=\"slide-391 ms-image\" aria-roledescription=\"slide\" aria-label=\"slide-391\"><img loading=\"lazy\" decoding=\"async\" src=\"https:\/\/www.eleonorhendar.se\/wp-content\/uploads\/2017\/01\/AlexandraP-4-scaled-700x300.jpg\" height=\"300\" width=\"700\" alt=\"\" class=\"slider-387 slide-391\" title=\"AlexandraP-4\" \/><\/li>\n                <li style=\"display: none; width: 100%;\" class=\"slide-392 ms-image\" aria-roledescription=\"slide\" aria-label=\"slide-392\"><img loading=\"lazy\" decoding=\"async\" src=\"https:\/\/www.eleonorhendar.se\/wp-content\/uploads\/2017\/01\/Bluesen-i-blodet-Faktum-164-scaled-700x300.jpg\" height=\"300\" width=\"700\" alt=\"\" class=\"slider-387 slide-392\" title=\"Bluesen i blodet Faktum #164\" \/><\/li>\n                <li style=\"display: none; width: 100%;\" class=\"slide-393 ms-image\" aria-roledescription=\"slide\" aria-label=\"slide-393\"><img loading=\"lazy\" decoding=\"async\" src=\"https:\/\/www.eleonorhendar.se\/wp-content\/uploads\/2017\/01\/Bluesen-i-blodet_2-Faktum-164-scaled-700x300.jpg\" height=\"300\" width=\"700\" alt=\"\" class=\"slider-387 slide-393\" title=\"Bluesen i blodet_2 Faktum #164\" \/><\/li>\n                <li style=\"display: none; width: 100%;\" class=\"slide-394 ms-image\" aria-roledescription=\"slide\" aria-label=\"slide-394\"><img loading=\"lazy\" decoding=\"async\" src=\"https:\/\/www.eleonorhendar.se\/wp-content\/uploads\/2017\/01\/Stjalp-eller-hjalp-Faktum-164-scaled-700x300.jpg\" height=\"300\" width=\"700\" alt=\"\" class=\"slider-387 slide-394\" title=\"Stja\u0308lp eller hja\u0308lp Faktum #164\" \/><\/li>\n                <li style=\"display: none; width: 100%;\" class=\"slide-395 ms-image\" aria-roledescription=\"slide\" aria-label=\"slide-395\"><img loading=\"lazy\" decoding=\"async\" src=\"https:\/\/www.eleonorhendar.se\/wp-content\/uploads\/2017\/01\/kladrep164b-2-scaled-700x300.jpg\" height=\"300\" width=\"700\" alt=\"\" class=\"slider-387 slide-395\" title=\"kla\u0308drep#164b-2\" \/><\/li>\n                <li style=\"display: none; width: 100%;\" class=\"slide-396 ms-image\" aria-roledescription=\"slide\" aria-label=\"slide-396\"><img loading=\"lazy\" decoding=\"async\" src=\"https:\/\/www.eleonorhendar.se\/wp-content\/uploads\/2017\/01\/kladrep164b-3-scaled-700x300.jpg\" height=\"300\" width=\"700\" alt=\"\" class=\"slider-387 slide-396\" title=\"kla\u0308drep#164b-3\" \/><\/li>\n                <li style=\"display: none; width: 100%;\" class=\"slide-397 ms-image\" aria-roledescription=\"slide\" aria-label=\"slide-397\"><img loading=\"lazy\" decoding=\"async\" src=\"https:\/\/www.eleonorhendar.se\/wp-content\/uploads\/2017\/01\/Kvinnorna-i-vara-liv-Faktum-162-scaled-700x300.jpg\" height=\"300\" width=\"700\" alt=\"\" class=\"slider-387 slide-397\" title=\"Kvinnorna i va\u030ara liv Faktum #162\" \/><\/li>\n            <\/ul>\n        <\/div>\n        \n    <\/div>\n<\/div><\/div>\n\n\n<p>\u00a0<\/p>\n<p style=\"text-align: center;\"><a href=\"https:\/\/goteborg.etc.se\/nyheter\/hogsasong-ideella-krafter\" target=\"_blank\" rel=\"noopener\"><span style=\"color: #ff9900;\">H\u00f6gs\u00e4song f\u00f6r ideella krafter<\/span><\/a> &#8211; ETC G\u00f6teborg, December 20th 2017<\/p>\n<p style=\"text-align: center;\"><a href=\"http:\/\/fatta.nu\/nu-kommer-forandringen\/\" target=\"_blank\" rel=\"noopener\"><span style=\"color: #ff9900;\">Nu kommer f\u00f6r\u00e4ndringen<\/span><\/a> &#8211; FATTA, December 8th 2017<\/p>\n<p style=\"text-align: center;\"><a href=\"http:\/\/artikel14.se\/\" target=\"_blank\" rel=\"noopener\"><span style=\"color: #ff9900;\">Talking Syria<\/span><\/a> &#8211; Artikel 14 #3,\u00a0Flyktinggruppernas Riksr\u00e5d, November 2017<\/p>\n<p style=\"text-align: center;\"><a href=\"https:\/\/goteborg.etc.se\/kultur-noje\/batflyktingarnas-berattelser-i-ny-utstallning\" target=\"_blank\" rel=\"noopener\"><span style=\"color: #ff9900;\">Min flykt \u00f6ver havet<\/span><\/a> &#8211; ETC G\u00f6teborg, November 17th 2017<\/p>\n<p style=\"text-align: center;\"><a href=\"https:\/\/goteborg.etc.se\/inrikes\/fororten-knyter-naven-okad-inkludering\" target=\"_blank\" rel=\"noopener\"><span style=\"color: #ff9900;\">F\u00f6rorten h\u00f6jer n\u00e4ven f\u00f6r \u00f6kad inkludering<\/span><\/a> &#8211; ETC G\u00f6teborg, August 9th 2017<\/p>\n<p style=\"text-align: center;\"><a href=\"http:\/\/www.bohuslaningen.se\/kultur-n%C3%B6je\/jag-t%C3%A4nker-att-jag-ska-bli-en-%C3%A4kta-supertant-1.4362559\" target=\"_blank\" rel=\"noopener\"><span style=\"color: #ff9900;\">Linnea Henriksson<\/span><\/a> &#8211; Bohusl\u00e4ningen, June 13th 2017<\/p>\n<p style=\"text-align: center;\"><span style=\"color: #ff9900;\"><a style=\"color: #ff9900;\" href=\"https:\/\/www.faktum.se\/tak-huvudet-racker-inte\/\" target=\"_blank\" rel=\"noopener\">Tak \u00f6ver huvudet r\u00e4cker inte<\/a><\/span> &#8211; Faktum, April 25th 2017<\/p>\n<p style=\"text-align: center;\"><span style=\"color: #ff9900;\"><a style=\"color: #ff9900;\" href=\"http:\/\/www.bohuslaningen.se\/kultur-n%C3%B6je\/vi-s%C3%A4ger-v%C3%A5r-sak-med-musiken-1.4162110\" target=\"_blank\" rel=\"noopener\">&#8220;Vi s\u00e4ger v\u00e5r sak med musiken&#8221;<\/a> <\/span>&#8211;\u00a0Bohusl\u00e4ningen, February 19th 2017<\/p>\n<p style=\"text-align: center;\"><a href=\"http:\/\/www.bohuslaningen.se\/nyheter\/pappersfabriken-ledde-till-plenisalen-1.4162718\" target=\"_blank\" rel=\"noopener\"><span style=\"color: #ff9900;\">Fr\u00e5n pappersfabriken till plenisalen<\/span><\/a> &#8211; Bohusl\u00e4ningen, February 17th 2017<\/p>\n<p style=\"text-align: center;\"><span style=\"color: #ff9900;\"><a style=\"color: #ff9900;\" href=\"https:\/\/www.faktum.se\/alexandra-inte-som-andra\/\" target=\"_blank\" rel=\"noopener\">Alexandra inte som andra<\/a><\/span> &#8211; Faktum, January 24th 2017<\/p>\n<p style=\"text-align: center;\"><span style=\"color: #ff9900;\"><a style=\"color: #ff9900;\" href=\"http:\/\/faktum.se\/man-far-vila-fran-samhallet-utifran\/\" target=\"_blank\" rel=\"noopener noreferrer\">R\u00e4dda f\u00f6r avvikelser<\/a><\/span>\u00a0\u2013\u00a0Faktum, May 3rd 2016<\/p>\n<p style=\"text-align: center;\"><span style=\"color: #ff9900;\"><a style=\"color: #ff9900;\" href=\"http:\/\/faktum.se\/sammanfattning-faktumgalan-2016\/\" target=\"_blank\" rel=\"noopener noreferrer\">Faktumgalan 2016<\/a><\/span>\u00a0\u2013 Faktum, March 11th 2016<\/p>\n<p style=\"text-align: center;\"><span style=\"color: #ff9900;\"><a style=\"color: #ff9900;\" href=\"http:\/\/faktum.se\/anna-askungen\/\" target=\"_blank\" rel=\"noopener noreferrer\">Anna Askungen<\/a><\/span>\u00a0\u2013 Faktum, March 8th 2016<\/p>\n<p style=\"text-align: center;\"><span style=\"color: #ff9900;\"><a style=\"color: #ff9900;\" href=\"http:\/\/bjork.jmg.gu.se\/skogen-som-verklighetsflykt\/\" target=\"_blank\" rel=\"noopener noreferrer\">Skogen som verklighetsflykt<\/a><\/span>\u00a0\u2013 Magasinet Bj\u00f6rk, May 2015<\/p>","protected":false},"excerpt":{"rendered":"<p>\u00a0 H\u00f6gs\u00e4song f\u00f6r ideella krafter &#8211; ETC G\u00f6teborg, December 20th 2017 Nu kommer f\u00f6r\u00e4ndringen &#8211; FATTA, December 8th 2017 Talking Syria &#8211; Artikel 14 #3,\u00a0Flyktinggruppernas Riksr\u00e5d, November 2017 Min flykt \u00f6ver havet &#8211; ETC G\u00f6teborg, November 17th 2017 F\u00f6rorten h\u00f6jer n\u00e4ven f\u00f6r \u00f6kad inkludering &#8211; ETC G\u00f6teborg, August 9th 2017 Linnea Henriksson &#8211; Bohusl\u00e4ningen, June [&hellip;]<\/p>\n","protected":false},"author":2,"featured_media":0,"parent":0,"menu_order":0,"comment_status":"closed","ping_status":"closed","template":"","meta":{"footnotes":""},"class_list":["post-116","page","type-page","status-publish","hentry"],"_links":{"self":[{"href":"https:\/\/www.eleonorhendar.se\/index.php\/wp-json\/wp\/v2\/pages\/116","targetHints":{"allow":["GET"]}}],"collection":[{"href":"https:\/\/www.eleonorhendar.se\/index.php\/wp-json\/wp\/v2\/pages"}],"about":[{"href":"https:\/\/www.eleonorhendar.se\/index.php\/wp-json\/wp\/v2\/types\/page"}],"author":[{"embeddable":true,"href":"https:\/\/www.eleonorhendar.se\/index.php\/wp-json\/wp\/v2\/users\/2"}],"replies":[{"embeddable":true,"href":"https:\/\/www.eleonorhendar.se\/index.php\/wp-json\/wp\/v2\/comments?post=116"}],"version-history":[{"count":1,"href":"https:\/\/www.eleonorhendar.se\/index.php\/wp-json\/wp\/v2\/pages\/116\/revisions"}],"predecessor-version":[{"id":421,"href":"https:\/\/www.eleonorhendar.se\/index.php\/wp-json\/wp\/v2\/pages\/116\/revisions\/421"}],"wp:attachment":[{"href":"https:\/\/www.eleonorhendar.se\/index.php\/wp-json\/wp\/v2\/media?parent=116"}],"curies":[{"name":"wp","href":"https:\/\/api.w.org\/{rel}","templated":true}]}}